{"id":11871,"date":"2024-08-21T13:13:23","date_gmt":"2024-08-21T13:13:23","guid":{"rendered":"https:\/\/raquest.tax\/?page_id=11871"},"modified":"2024-09-02T11:15:32","modified_gmt":"2024-09-02T11:15:32","slug":"fast-geschafft-webcast","status":"publish","type":"page","link":"https:\/\/raquest.tax\/de\/fast-geschafft-webcast\/","title":{"rendered":"Fast Geschafft Webcast"},"content":{"rendered":"\t\t<div data-elementor-type=\"wp-page\" data-elementor-id=\"11871\" class=\"elementor elementor-11871\" data-elementor-settings=\"{&quot;ha_cmc_init_switcher&quot;:&quot;no&quot;}\" data-elementor-post-type=\"page\">\n\t\t\t\t\t\t<section class=\"elementor-section elementor-top-section elementor-element elementor-element-2b5cee1 elementor-section-height-min-height elementor-section-boxed elementor-section-height-default elementor-section-items-middle\" data-id=\"2b5cee1\" data-element_type=\"section\" data-e-type=\"section\" data-settings=\"{&quot;background_background&quot;:&quot;classic&quot;,&quot;_ha_eqh_enable&quot;:false}\">\n\t\t\t\t\t\t<div class=\"elementor-container elementor-column-gap-default\">\n\t\t\t\t\t<div class=\"elementor-column elementor-col-100 elementor-top-column elementor-element elementor-element-b560985\" data-id=\"b560985\" data-element_type=\"column\" data-e-type=\"column\">\n\t\t\t<div class=\"elementor-widget-wrap elementor-element-populated\">\n\t\t\t\t<div class=\"elementor-element elementor-element-9ac9de0 e-flex e-con-boxed e-con e-parent\" data-id=\"9ac9de0\" data-element_type=\"container\" data-e-type=\"container\" data-settings=\"{&quot;_ha_eqh_enable&quot;:&quot;yes&quot;,&quot;_ha_eqh_to&quot;:&quot;widget&quot;,&quot;_ha_eqh_disable_on_tablet&quot;:&quot;no&quot;,&quot;_ha_eqh_disable_on_mobile&quot;:&quot;yes&quot;}\">\n\t\t\t\t\t<div class=\"e-con-inner\">\n\t\t\t\t<div class=\"elementor-element elementor-element-5902bce elementor-widget elementor-widget-heading\" data-id=\"5902bce\" data-element_type=\"widget\" data-e-type=\"widget\" data-widget_type=\"heading.default\">\n\t\t\t\t<div class=\"elementor-widget-container\">\n\t\t\t\t\t<h2 class=\"elementor-heading-title elementor-size-default\">FAST GESCHAFFT<\/h2>\t\t\t\t<\/div>\n\t\t\t\t<\/div>\n\t\t\t\t\t<\/div>\n\t\t\t\t<\/div>\n\t\t<div class=\"elementor-element elementor-element-74bbdb6 e-flex e-con-boxed e-con e-parent\" data-id=\"74bbdb6\" data-element_type=\"container\" data-e-type=\"container\" data-settings=\"{&quot;_ha_eqh_enable&quot;:&quot;yes&quot;,&quot;_ha_eqh_to&quot;:&quot;widget&quot;,&quot;_ha_eqh_disable_on_tablet&quot;:&quot;no&quot;,&quot;_ha_eqh_disable_on_mobile&quot;:&quot;yes&quot;}\">\n\t\t\t\t\t<div class=\"e-con-inner\">\n\t\t\t\t<div class=\"elementor-element elementor-element-e654ef9 elementor-widget-widescreen__width-initial elementor-widget elementor-widget-heading\" data-id=\"e654ef9\" data-element_type=\"widget\" data-e-type=\"widget\" data-widget_type=\"heading.default\">\n\t\t\t\t<div class=\"elementor-widget-container\">\n\t\t\t\t\t<h2 class=\"elementor-heading-title elementor-size-default\">Folgen Sie den nachfolgenden Schritten, um Ihre E-Mail Adresse zu best\u00e4tigen und den Webcast anzusehen.\n<\/h2>\t\t\t\t<\/div>\n\t\t\t\t<\/div>\n\t\t\t\t\t<\/div>\n\t\t\t\t<\/div>\n\t\t<div class=\"elementor-element elementor-element-04040b2 e-flex e-con-boxed e-con e-parent\" data-id=\"04040b2\" data-element_type=\"container\" data-e-type=\"container\" data-settings=\"{&quot;_ha_eqh_enable&quot;:&quot;yes&quot;,&quot;_ha_eqh_to&quot;:&quot;widget&quot;,&quot;_ha_eqh_disable_on_tablet&quot;:&quot;no&quot;,&quot;_ha_eqh_disable_on_mobile&quot;:&quot;yes&quot;}\">\n\t\t\t\t\t<div class=\"e-con-inner\">\n\t\t<div class=\"elementor-element elementor-element-d673d86 e-con-full e-flex e-con e-child\" data-id=\"d673d86\" data-element_type=\"container\" data-e-type=\"container\" data-settings=\"{&quot;background_background&quot;:&quot;classic&quot;,&quot;_ha_eqh_enable&quot;:false}\">\n\t\t\t\t<div class=\"elementor-element elementor-element-bbcc28d elementor-widget elementor-widget-heading\" data-id=\"bbcc28d\" data-element_type=\"widget\" data-e-type=\"widget\" data-widget_type=\"heading.default\">\n\t\t\t\t<div class=\"elementor-widget-container\">\n\t\t\t\t\t<h2 class=\"elementor-heading-title elementor-size-default\">01<\/h2>\t\t\t\t<\/div>\n\t\t\t\t<\/div>\n\t\t\t\t<div class=\"elementor-element elementor-element-30794eb elementor-widget elementor-widget-text-editor\" data-id=\"30794eb\" data-element_type=\"widget\" data-e-type=\"widget\" data-widget_type=\"text-editor.default\">\n\t\t\t\t<div class=\"elementor-widget-container\">\n\t\t\t\t\t\t\t\t\t<p>\u00d6ffnen Sie Ihren Email-Posteingang<\/p>\t\t\t\t\t\t\t\t<\/div>\n\t\t\t\t<\/div>\n\t\t\t\t<\/div>\n\t\t<div class=\"elementor-element elementor-element-45053f9 e-con-full e-flex e-con e-child\" data-id=\"45053f9\" data-element_type=\"container\" data-e-type=\"container\" data-settings=\"{&quot;background_background&quot;:&quot;classic&quot;,&quot;_ha_eqh_enable&quot;:false}\">\n\t\t\t\t<div class=\"elementor-element elementor-element-10065ac elementor-widget elementor-widget-heading\" data-id=\"10065ac\" data-element_type=\"widget\" data-e-type=\"widget\" data-widget_type=\"heading.default\">\n\t\t\t\t<div class=\"elementor-widget-container\">\n\t\t\t\t\t<h2 class=\"elementor-heading-title elementor-size-default\">02<\/h2>\t\t\t\t<\/div>\n\t\t\t\t<\/div>\n\t\t\t\t<div class=\"elementor-element elementor-element-e6cdbd6 elementor-widget elementor-widget-text-editor\" data-id=\"e6cdbd6\" data-element_type=\"widget\" data-e-type=\"widget\" data-widget_type=\"text-editor.default\">\n\t\t\t\t<div class=\"elementor-widget-container\">\n\t\t\t\t\t\t\t\t\t<p>\u00d6ffnen Sie die Best\u00e4tigungs-Mail<\/p>\t\t\t\t\t\t\t\t<\/div>\n\t\t\t\t<\/div>\n\t\t\t\t<\/div>\n\t\t<div class=\"elementor-element elementor-element-81cb34e e-con-full e-flex e-con e-child\" data-id=\"81cb34e\" data-element_type=\"container\" data-e-type=\"container\" data-settings=\"{&quot;background_background&quot;:&quot;classic&quot;,&quot;_ha_eqh_enable&quot;:false}\">\n\t\t\t\t<div class=\"elementor-element elementor-element-3f8f8cb elementor-widget elementor-widget-heading\" data-id=\"3f8f8cb\" data-element_type=\"widget\" data-e-type=\"widget\" data-widget_type=\"heading.default\">\n\t\t\t\t<div class=\"elementor-widget-container\">\n\t\t\t\t\t<h2 class=\"elementor-heading-title elementor-size-default\">03<\/h2>\t\t\t\t<\/div>\n\t\t\t\t<\/div>\n\t\t\t\t<div class=\"elementor-element elementor-element-de22d4c elementor-widget elementor-widget-text-editor\" data-id=\"de22d4c\" data-element_type=\"widget\" data-e-type=\"widget\" data-widget_type=\"text-editor.default\">\n\t\t\t\t<div class=\"elementor-widget-container\">\n\t\t\t\t\t\t\t\t\t<p>Klicken Sie auf den Best\u00e4tigungs-Link<\/p>\t\t\t\t\t\t\t\t<\/div>\n\t\t\t\t<\/div>\n\t\t\t\t<\/div>\n\t\t\t\t\t<\/div>\n\t\t\t\t<\/div>\n\t\t\t\t\t<\/div>\n\t\t<\/div>\n\t\t\t\t\t<\/div>\n\t\t<\/section>\n\t\t\t\t<\/div>\n\t\t","protected":false},"excerpt":{"rendered":"<p>FAST GESCHAFFT Folgen Sie den nachfolgenden Schritten, um Ihre E-Mail Adresse zu best\u00e4tigen und den Webcast anzusehen. 01 \u00d6ffnen Sie Ihren Email-Posteingang 02 \u00d6ffnen Sie die Best\u00e4tigungs-Mail 03 Klicken Sie auf den Best\u00e4tigungs-Link<\/p>\n","protected":false},"author":1,"featured_media":0,"parent":0,"menu_order":0,"comment_status":"closed","ping_status":"closed","template":"","meta":{"_acf_changed":false,"inline_featured_image":false,"footnotes":""},"wf_page_folders":[42],"class_list":["post-11871","page","type-page","status-publish","hentry"],"acf":[],"yoast_head":"<!-- This site is optimized with the Yoast SEO plugin v27.5 - https:\/\/yoast.com\/product\/yoast-seo-wordpress\/ -->\n<title>Fast Geschafft Webcast - RAQUEST<\/title>\n<meta name=\"robots\" content=\"index, follow, max-snippet:-1, max-image-preview:large, max-video-preview:-1\" \/>\n<link rel=\"canonical\" href=\"https:\/\/raquest.tax\/de\/fast-geschafft-webcast\/\" \/>\n<meta property=\"og:locale\" content=\"de_DE\" \/>\n<meta property=\"og:type\" content=\"article\" \/>\n<meta property=\"og:title\" content=\"Fast Geschafft Webcast - RAQUEST\" \/>\n<meta property=\"og:description\" content=\"FAST GESCHAFFT Folgen Sie den nachfolgenden Schritten, um Ihre E-Mail Adresse zu best\u00e4tigen und den Webcast anzusehen. 01 \u00d6ffnen Sie Ihren Email-Posteingang 02 \u00d6ffnen Sie die Best\u00e4tigungs-Mail 03 Klicken Sie auf den Best\u00e4tigungs-Link\" \/>\n<meta property=\"og:url\" content=\"https:\/\/raquest.tax\/de\/fast-geschafft-webcast\/\" \/>\n<meta property=\"og:site_name\" content=\"RAQUEST\" \/>\n<meta property=\"article:modified_time\" content=\"2024-09-02T11:15:32+00:00\" \/>\n<meta name=\"twitter:card\" content=\"summary_large_image\" \/>\n<meta name=\"twitter:label1\" content=\"Gesch\u00e4tzte Lesezeit\" \/>\n\t<meta name=\"twitter:data1\" content=\"1\u00a0Minute\" \/>\n<!-- \/ Yoast SEO plugin. -->","yoast_head_json":{"title":"Fast Geschafft Webcast - RAQUEST","robots":{"index":"index","follow":"follow","max-snippet":"max-snippet:-1","max-image-preview":"max-image-preview:large","max-video-preview":"max-video-preview:-1"},"canonical":"https:\/\/raquest.tax\/de\/fast-geschafft-webcast\/","og_locale":"de_DE","og_type":"article","og_title":"Fast Geschafft Webcast - RAQUEST","og_description":"FAST GESCHAFFT Folgen Sie den nachfolgenden Schritten, um Ihre E-Mail Adresse zu best\u00e4tigen und den Webcast anzusehen. 01 \u00d6ffnen Sie Ihren Email-Posteingang 02 \u00d6ffnen Sie die Best\u00e4tigungs-Mail 03 Klicken Sie auf den Best\u00e4tigungs-Link","og_url":"https:\/\/raquest.tax\/de\/fast-geschafft-webcast\/","og_site_name":"RAQUEST","article_modified_time":"2024-09-02T11:15:32+00:00","twitter_card":"summary_large_image","twitter_misc":{"Gesch\u00e4tzte Lesezeit":"1\u00a0Minute"},"schema":{"@context":"https:\/\/schema.org","@graph":[{"@type":"WebPage","@id":"https:\/\/raquest.tax\/de\/fast-geschafft-webcast\/","url":"https:\/\/raquest.tax\/de\/fast-geschafft-webcast\/","name":"Fast Geschafft Webcast - RAQUEST","isPartOf":{"@id":"https:\/\/raquest.tax\/de\/#website"},"datePublished":"2024-08-21T13:13:23+00:00","dateModified":"2024-09-02T11:15:32+00:00","breadcrumb":{"@id":"https:\/\/raquest.tax\/de\/fast-geschafft-webcast\/#breadcrumb"},"inLanguage":"de","potentialAction":[{"@type":"ReadAction","target":["https:\/\/raquest.tax\/de\/fast-geschafft-webcast\/"]}]},{"@type":"BreadcrumbList","@id":"https:\/\/raquest.tax\/de\/fast-geschafft-webcast\/#breadcrumb","itemListElement":[{"@type":"ListItem","position":1,"name":"Startseite","item":"https:\/\/raquest.tax\/de\/"},{"@type":"ListItem","position":2,"name":"Fast Geschafft Webcast"}]},{"@type":"WebSite","@id":"https:\/\/raquest.tax\/de\/#website","url":"https:\/\/raquest.tax\/de\/","name":"RAQUEST","description":"Marktf\u00fchrer in der Quellensteueroptimierung","publisher":{"@id":"https:\/\/raquest.tax\/de\/#organization"},"potentialAction":[{"@type":"SearchAction","target":{"@type":"EntryPoint","urlTemplate":"https:\/\/raquest.tax\/de\/?s={search_term_string}"},"query-input":{"@type":"PropertyValueSpecification","valueRequired":true,"valueName":"search_term_string"}}],"inLanguage":"de"},{"@type":"Organization","@id":"https:\/\/raquest.tax\/de\/#organization","name":"RAQUEST GmbH","url":"https:\/\/raquest.tax\/de\/","logo":{"@type":"ImageObject","inLanguage":"de","@id":"https:\/\/raquest.tax\/de\/#\/schema\/logo\/image\/","url":"https:\/\/raquest.tax\/wp-content\/uploads\/2023\/08\/RAQUEST_Logo_kurz_i.svg","contentUrl":"https:\/\/raquest.tax\/wp-content\/uploads\/2023\/08\/RAQUEST_Logo_kurz_i.svg","width":150,"height":40,"caption":"RAQUEST GmbH"},"image":{"@id":"https:\/\/raquest.tax\/de\/#\/schema\/logo\/image\/"},"sameAs":["https:\/\/de.linkedin.com\/company\/raquest-halvotec"]}]}},"_links":{"self":[{"href":"https:\/\/raquest.tax\/de\/wp-json\/wp\/v2\/pages\/11871","targetHints":{"allow":["GET"]}}],"collection":[{"href":"https:\/\/raquest.tax\/de\/wp-json\/wp\/v2\/pages"}],"about":[{"href":"https:\/\/raquest.tax\/de\/wp-json\/wp\/v2\/types\/page"}],"author":[{"embeddable":true,"href":"https:\/\/raquest.tax\/de\/wp-json\/wp\/v2\/users\/1"}],"replies":[{"embeddable":true,"href":"https:\/\/raquest.tax\/de\/wp-json\/wp\/v2\/comments?post=11871"}],"version-history":[{"count":7,"href":"https:\/\/raquest.tax\/de\/wp-json\/wp\/v2\/pages\/11871\/revisions"}],"predecessor-version":[{"id":12143,"href":"https:\/\/raquest.tax\/de\/wp-json\/wp\/v2\/pages\/11871\/revisions\/12143"}],"wp:attachment":[{"href":"https:\/\/raquest.tax\/de\/wp-json\/wp\/v2\/media?parent=11871"}],"wp:term":[{"taxonomy":"wf_page_folders","embeddable":true,"href":"https:\/\/raquest.tax\/de\/wp-json\/wp\/v2\/wf_page_folders?post=11871"}],"curies":[{"name":"wp","href":"https:\/\/api.w.org\/{rel}","templated":true}]}}